{"id":410,"date":"2025-05-02T22:40:29","date_gmt":"2025-05-02T13:40:29","guid":{"rendered":"https:\/\/recruit.elrise.co.jp\/?page_id=410"},"modified":"2025-05-07T11:03:55","modified_gmt":"2025-05-07T02:03:55","slug":"%e3%82%a8%e3%83%ab%e3%83%a9%e3%82%a4%e3%82%ba%e6%a0%aa%e5%bc%8f%e4%bc%9a%e7%a4%be%ef%bc%9c%e6%8e%a1%e7%94%a8%e3%82%a8%e3%83%b3%e3%83%88%e3%83%aa%e3%83%bc%ef%bc%9e","status":"publish","type":"page","link":"https:\/\/recruit.elrise.co.jp\/?page_id=410","title":{"rendered":"\u30a8\u30eb\u30e9\u30a4\u30ba\u682a\u5f0f\u4f1a\u793e\uff1c\u63a1\u7528\u30a8\u30f3\u30c8\u30ea\u30fc\uff1e"},"content":{"rendered":"\n<p>\u73fe\u5728\u3001\u30a8\u30eb\u30e9\u30a4\u30ba\u3067\u306f\u300c\u6cd5\u4eba\u55b6\u696d\u300d\u304a\u3088\u3073\u300c\u30b7\u30b9\u30c6\u30e0\u30a8\u30f3\u30b8\u30cb\u30a2\u300d\u3092\u52df\u96c6\u3057\u3066\u3044\u307e\u3059\u3002\u5404\u8077\u7a2e\u306e\u696d\u52d9\u5185\u5bb9\u306b\u3064\u3044\u3066\u306f\u3001\u4e0b\u8a18\u30ea\u30f3\u30af\u3088\u308a\u3054\u78ba\u8a8d\u3044\u305f\u3060\u304d\u3001\u305c\u3072\u3054\u5fdc\u52df\u304f\u3060\u3055\u3044\u3002\u306a\u304a\u3001\u3054\u8a18\u5165\u3044\u305f\u3060\u3044\u305f\u500b\u4eba\u60c5\u5831\u306f\u3001\u63a1\u7528\u6d3b\u52d5\u306e\u76ee\u7684\u306b\u306e\u307f\u4f7f\u7528\u3055\u305b\u3066\u3044\u305f\u3060\u304d\u307e\u3059\u3002\u3054\u5fdc\u52df\u3044\u305f\u3060\u3044\u305f\u65b9\u306b\u306f\u3001\u5f8c\u65e5\u4eba\u4e8b\u62c5\u5f53\u8005\u3088\u308a\u3054\u9023\u7d61\u3055\u305b\u3066\u3044\u305f\u3060\u304d\u307e\u3059\u3002<\/p>\n\n\n\n<div style=\"display: flex; gap: 150px; justify-content: center;\">\n    <!-- \u6cd5\u4eba\u55b6\u696d\u30dc\u30bf\u30f3 -->\n    <a href=\"https:\/\/recruit.elrise.co.jp\/?p=43\" target=\"_blank\" rel=\"noopener\" style=\"\n      display: inline-block;\n      background-color: #e6f7ff; \/* \u3055\u3089\u306b\u8584\u3044\u6c34\u8272 *\/\n      color: #003244;\n      padding: 16px 32px;\n      border-radius: 9999px;\n      text-decoration: none;\n      font-weight: 600;\n      font-size: 18px;\n      box-shadow: 0 4px 10px rgba(0,0,0,0.05);\n      border: 1px solid #003244; \/* \u67a0\u7dda\u306f\u7d30\u304f\u4fdd\u3064 *\/\n      transition: all 0.3s ease;\n    \">\n      \u6cd5\u4eba\u55b6\u696d\u306b\u3064\u3044\u3066\u8a73\u3057\u304f\u898b\u308b\n    <\/a>\n\n    <!-- \u30b7\u30b9\u30c6\u30e0\u30a8\u30f3\u30b8\u30cb\u30a2\u30dc\u30bf\u30f3 -->\n    <a href=\"https:\/\/recruit.elrise.co.jp\/?p=59\" target=\"_blank\" rel=\"noopener\" style=\"\n      display: inline-block;\n      background-color: #e6f7ff; \/* \u3055\u3089\u306b\u8584\u3044\u6c34\u8272 *\/\n      color: #003244;\n      padding: 16px 32px;\n      border-radius: 9999px;\n      text-decoration: none;\n      font-weight: 600;\n      font-size: 18px;\n      box-shadow: 0 4px 10px rgba(0,0,0,0.05);\n      border: 1px solid #003244; \/* \u67a0\u7dda\u306f\u7d30\u304f\u4fdd\u3064 *\/\n      transition: all 0.3s ease;\n    \">\n      \u30b7\u30b9\u30c6\u30e0\u30a8\u30f3\u30b8\u30cb\u30a2\u306b\u3064\u3044\u3066\u8a73\u3057\u304f\u898b\u308b\n    <\/a>\n<\/div>\n\n<!-- \u30dc\u30bf\u30f3\u306e\u30db\u30d0\u30fc\u30a2\u30af\u30b7\u30e7\u30f3\u3092\u8ffd\u52a0 -->\n<style>\n    a:hover {\n        transform: translateY(-5px); \/* \u30dc\u30bf\u30f3\u3092\u5c11\u3057\u4e0a\u306b\u52d5\u304b\u3059 *\/\n        box-shadow: 0 8px 15px rgba(0,0,0,0.15); \/* \u5f71\u3092\u5f37\u304f\u3057\u3066\u3001\u6d6e\u304d\u4e0a\u304c\u308b\u611f\u3058\u306b *\/\n    }\n<\/style>\n\n\n\n\n\n<div style=\"height:19px\" aria-hidden=\"true\" class=\"wp-block-spacer\"><\/div>\n\n\n\n<div class=\"wp-block-contact-form-7-contact-form-selector\">\n<div class=\"wpcf7 no-js\" id=\"wpcf7-f109-o1\" lang=\"ja\" dir=\"ltr\" data-wpcf7-id=\"109\">\n<div class=\"screen-reader-response\"><p role=\"status\" aria-live=\"polite\" aria-atomic=\"true\"><\/p> <ul><\/ul><\/div>\n<form action=\"\/index.php?rest_route=%2Fwp%2Fv2%2Fpages%2F410#wpcf7-f109-o1\" method=\"post\" class=\"wpcf7-form init\" aria-label=\"\u30b3\u30f3\u30bf\u30af\u30c8\u30d5\u30a9\u30fc\u30e0\" enctype=\"multipart\/form-data\" novalidate=\"novalidate\" data-status=\"init\">\n<fieldset class=\"hidden-fields-container\"><input type=\"hidden\" name=\"_wpcf7\" value=\"109\" \/><input type=\"hidden\" name=\"_wpcf7_version\" value=\"6.1.5\" \/><input type=\"hidden\" name=\"_wpcf7_locale\" value=\"ja\" \/><input type=\"hidden\" name=\"_wpcf7_unit_tag\" value=\"wpcf7-f109-o1\" \/><input type=\"hidden\" name=\"_wpcf7_container_post\" value=\"0\" \/><input type=\"hidden\" name=\"_wpcf7_posted_data_hash\" value=\"\" \/>\n<\/fieldset>\n<div class=\"wpcf7-turnstile cf-turnstile\" data-sitekey=\"0x4AAAAAAB8QEzAIkaX4dhsq\" data-response-field-name=\"_wpcf7_turnstile_response\"><\/div>\n\n<table class=\"CF7_table\">\n\t<tr>\n\t\t<th>\n\t\t\t<p>\u5c65\u6b74\u66f8\u30fb\u8077\u52d9\u7d4c\u6b74\u66f8\n\t\t\t<\/p>\n\t\t<\/th>\n\t\t<td>\n\t\t\t<p><span class=\"wpcf7-form-control-wrap\" data-name=\"your-resume\"><input size=\"40\" class=\"wpcf7-form-control wpcf7-file\" accept=\".pdf,.doc,.docx\" aria-invalid=\"false\" type=\"file\" name=\"your-resume\" \/><\/span>\n\t\t\t<\/p>\n\t\t<\/td>\n\t<\/tr>\n\t<tr>\n\t\t<th>\n\t\t\t<p><span class=\"CF7_req\">\u5fc5\u9808<\/span> \u304a\u540d\u524d\n\t\t\t<\/p>\n\t\t<\/th>\n\t\t<td>\n\t\t\t<p><span class=\"wpcf7-form-control-wrap\" data-name=\"your-name\"><input size=\"40\" maxlength=\"400\" class=\"wpcf7-form-control wpcf7-text wpcf7-validates-as-required\" aria-required=\"true\" aria-invalid=\"false\" placeholder=\"\u4f8b\uff1a\u3042\u306a\u305f\u306e\u304a\u540d\u524d\" value=\"\" type=\"text\" name=\"your-name\" \/><\/span>\n\t\t\t<\/p>\n\t\t<\/td>\n\t<\/tr>\n\t<tr>\n\t\t<th>\n\t\t\t<p><span class=\"CF7_req\">\u5fc5\u9808<\/span> \u30e1\u30fc\u30eb\u30a2\u30c9\u30ec\u30b9\n\t\t\t<\/p>\n\t\t<\/th>\n\t\t<td>\n\t\t\t<p><span class=\"wpcf7-form-control-wrap\" data-name=\"your-email\"><input size=\"40\" maxlength=\"400\" class=\"wpcf7-form-control wpcf7-email wpcf7-validates-as-required wpcf7-text wpcf7-validates-as-email\" aria-required=\"true\" aria-invalid=\"false\" placeholder=\"\u4f8b\uff1a\u00d7\u00d7\u00d7@\u00d7\u00d7\u00d7.com\" value=\"\" type=\"email\" name=\"your-email\" \/><\/span>\n\t\t\t<\/p>\n\t\t<\/td>\n\t<\/tr>\n\t<tr>\n\t\t<th>\n\t\t\t<p><span class=\"CF7_req\">\u5fc5\u9808<\/span> \u3054\u4f4f\u6240\n\t\t\t<\/p>\n\t\t<\/th>\n\t\t<td class=\"address-100\">\n\t\t\t<p><span class=\"wpcf7-form-control-wrap\" data-name=\"addr\"><input size=\"40\" maxlength=\"400\" class=\"wpcf7-form-control wpcf7-text wpcf7-validates-as-required\" id=\"addr\" aria-required=\"true\" aria-invalid=\"false\" placeholder=\"\u4f8b\uff1a\u4e2d\u592e\u533a\u9280\u5ea7\uff11\uff12\uff13\uff14\uff15\" value=\"\" type=\"text\" name=\"addr\" \/><\/span>\n\t\t\t<\/p>\n\t\t<\/td>\n\t<\/tr>\n\t<tr>\n\t\t<th>\n\t\t\t<p><span class=\"CF7_req\">\u5fc5\u9808<\/span> \u304a\u96fb\u8a71\u756a\u53f7\n\t\t\t<\/p>\n\t\t<\/th>\n\t\t<td>\n\t\t\t<p><span class=\"wpcf7-form-control-wrap\" data-name=\"your-tel\"><input size=\"40\" maxlength=\"400\" class=\"wpcf7-form-control wpcf7-text wpcf7-validates-as-required\" aria-required=\"true\" aria-invalid=\"false\" placeholder=\"\u4f8b\uff1a03-1234-5678\" value=\"\" type=\"text\" name=\"your-tel\" \/><\/span>\n\t\t\t<\/p>\n\t\t<\/td>\n\t<\/tr>\n\t<tr>\n\t\t<th>\n\t\t\t<p><span class=\"CF7_req\">\u5fc5\u9808<\/span> \u5fdc\u52df\u30dd\u30b8\u30b7\u30e7\u30f3\n\t\t\t<\/p>\n\t\t<\/th>\n\t\t<td>\n\t\t\t<p><label><input type=\"radio\" name=\"your-position\" value=\"\u6cd5\u4eba\u55b6\u696d\" \/> \u6cd5\u4eba\u55b6\u696d<\/label><br \/>\n<label><input type=\"radio\" name=\"your-position\" value=\"\u30b7\u30b9\u30c6\u30e0\u30a8\u30f3\u30b8\u30cb\u30a2\" \/> \u30b7\u30b9\u30c6\u30e0\u30a8\u30f3\u30b8\u30cb\u30a2<\/label>\n\t\t\t<\/p>\n\t\t<\/td>\n\t<\/tr>\n\t<tr>\n\t\t<th>\n\t\t\t<p><span class=\"CF7_req\">\u5fc5\u9808<\/span> \u5fd7\u671b\u52d5\u6a5f\u30fb\u81ea\u5df1PR\u306a\u3069\n\t\t\t<\/p>\n\t\t<\/th>\n\t\t<td class=\"message-100\">\n\t\t\t<p><span class=\"wpcf7-form-control-wrap\" data-name=\"your-message\"><textarea cols=\"40\" rows=\"10\" maxlength=\"2000\" class=\"wpcf7-form-control wpcf7-textarea wpcf7-validates-as-required\" aria-required=\"true\" aria-invalid=\"false\" placeholder=\"\u5185\u5bb9\u3092\u3054\u8a18\u5165\u304f\u3060\u3055\u3044\" name=\"your-message\"><\/textarea><\/span>\n\t\t\t<\/p>\n\t\t<\/td>\n\t<\/tr>\n<\/table>\n<p class=\"CF7_btn\"><div class=\"cf7-cf-turnstile\" style=\"margin-top: 0px; margin-bottom: -15px;\"> <div id=\"cf-turnstile-cf7-448630922\" class=\"cf-turnstile\" data-callback=\"turnstileCF7Callback\" data-sitekey=\"0x4AAAAAAB8QEzAIkaX4dhsq\" data-theme=\"light\" data-language=\"auto\" data-size=\"normal\" data-retry=\"auto\" data-retry-interval=\"1000\" data-refresh-expired=\"auto\" data-action=\"contact-form-7\" data-appearance=\"always\"><\/div> <style>.wpcf7-submit { pointer-events: none; opacity: 0.5; }<\/style> <script>document.addEventListener(\"DOMContentLoaded\", function() { setTimeout(function(){ var e=document.getElementById(\"cf-turnstile-cf7-448630922\"); e&&!e.innerHTML.trim()&&(turnstile.remove(\"#cf-turnstile-cf7-448630922\"), turnstile.render(\"#cf-turnstile-cf7-448630922\", {sitekey:\"0x4AAAAAAB8QEzAIkaX4dhsq\"})); }, 100); });<\/script> <br class=\"cf-turnstile-br cf-turnstile-br-cf7-448630922\"> <style>#cf-turnstile-cf7-448630922 { margin-left: -15px; }<\/style> <script>document.addEventListener(\"DOMContentLoaded\",function(){document.querySelectorAll('.wpcf7-form').forEach(function(e){e.addEventListener('submit',function(){if(document.getElementById('cf-turnstile-cf7-448630922')){setTimeout(function(){turnstile.reset('#cf-turnstile-cf7-448630922');},1000)}})})});<\/script> <\/div><br\/><input class=\"wpcf7-form-control wpcf7-submit has-spinner\" type=\"submit\" value=\"\u9001\u4fe1\u3059\u308b\" \/>\n<\/p><p style=\"display: none !important;\" class=\"akismet-fields-container\" data-prefix=\"_wpcf7_ak_\"><label>&#916;<textarea name=\"_wpcf7_ak_hp_textarea\" cols=\"45\" rows=\"8\" maxlength=\"100\"><\/textarea><\/label><input type=\"hidden\" id=\"ak_js_1\" name=\"_wpcf7_ak_js\" value=\"41\"\/><script>document.getElementById( \"ak_js_1\" ).setAttribute( \"value\", ( new Date() ).getTime() );<\/script><\/p><div class=\"wpcf7-response-output\" aria-hidden=\"true\"><\/div>\n<\/form>\n<\/div>\n<\/div>\n\n\n\n<h2 class=\"wp-block-heading\">\u30db\u30fc\u30e0\u30da\u30fc\u30b8\u306e\u5b89\u5168\u4fdd\u8b77\u306b\u3064\u3044\u3066<\/h2>\n\n\n\n<p>\u5f0a\u793e\u306e\u30a6\u30a7\u30d6\u30b5\u30a4\u30c8\u3067\u306f\u3001\u3054\u5165\u529b\u9802\u3044\u305f\u500b\u4eba\u60c5\u5831\u3092\u9001\u4fe1\u6642\u306bSSL\uff08\u30a4\u30f3\u30bf\u30fc\u30cd\u30c3\u30c8\u4e0a\u306e\u30c7\u30fc\u30bf\u3092\u7b2c\u4e09\u8005\u304b\u3089\u8aad\u307f\u53d6\u308c\u306a\u3044\u3088\u3046\u306b\u3059\u308b\u901a\u4fe1\u624b\u9806\uff09\u306b\u3088\u308a\u4fdd\u8b77\u3057\u3066\u3044\u307e\u3059\u3002<\/p>\n\n\n\n<h2 class=\"wp-block-heading\">\u30af\u30c3\u30ad\u30fc\u306e\u5229\u7528\u306b\u3064\u3044\u3066<\/h2>\n\n\n\n<p>\u5f0a\u793e\u306e\u30a6\u30a7\u30d6\u30b5\u30a4\u30c8\u306e\u4e00\u90e8\u3067\u306f\u3001\u304a\u5ba2\u69d8\u306b\u3088\u308a\u4fbf\u5229\u306b\u3054\u5229\u7528\u3044\u305f\u3060\u304f\u305f\u3081\u306b\u3001\u30af\u30c3\u30ad\u30fc\uff08Cookie\uff09\u3092\u5229\u7528\u3057\u3066\u304a\u308a\u307e\u3059\u3002\u304a\u5ba2\u69d8\u306f\u3001\u30d6\u30e9\u30a6\u30b6\u306e\u8a2d\u5b9a\u3092\u5909\u66f4\u3059\u308b\u3053\u3068\u306b\u3088\u308a\u3001\u30af\u30c3\u30ad\u30fc\u306e\u53d7\u3051\u53d6\u308a\u3092\u62d2\u5426\u3057\u3001\u53c8\u306f\u3001\u30af\u30c3\u30ad\u30fc\u3092\u53d7\u3051\u53d6\u3063\u305f\u5834\u5408\u306b\u8b66\u544a\u3092\u8868\u793a\u3055\u305b\u308b\u3053\u3068\u304c\u3067\u304d\u307e\u3059\u3002\u8a73\u3057\u304f\u306f\u3001\u3054\u4f7f\u7528\u306e\u30d6\u30e9\u30a6\u30b6\u306e\u8aac\u660e\u3092\u3054\u89a7\u304f\u3060\u3055\u3044\u3002\u305f\u3060\u3057\u3001\u30af\u30c3\u30ad\u30fc\u306e\u53d7\u3051\u53d6\u308a\u3092\u62d2\u5426\u3055\u308c\u305f\u5834\u5408\u306b\u306f\u3001\u5f53\u793e\u304c\u30a6\u30a7\u30d6\u30b5\u30a4\u30c8\u306b\u3066\u63d0\u4f9b\u3059\u308b\u30b5\u30fc\u30d3\u30b9\u306e\u5168\u90e8\u53c8\u306f\u4e00\u90e8\u304c\u3054\u5229\u7528\u3067\u304d\u306a\u304f\u306a\u308b\u5834\u5408\u3082\u3054\u3056\u3044\u307e\u3059\u306e\u3067\u3054\u4e86\u627f\u304f\u3060\u3055\u3044\u3002<\/p>\n","protected":false},"excerpt":{"rendered":"<p>\u73fe\u5728\u3001\u30a8\u30eb\u30e9\u30a4\u30ba\u3067\u306f\u300c\u6cd5\u4eba\u55b6\u696d\u300d\u304a\u3088\u3073\u300c\u30b7\u30b9\u30c6\u30e0\u30a8\u30f3\u30b8\u30cb\u30a2\u300d\u3092\u52df\u96c6\u3057\u3066\u3044\u307e\u3059\u3002\u5404\u8077\u7a2e\u306e\u696d\u52d9\u5185\u5bb9\u306b\u3064\u3044\u3066\u306f\u3001\u4e0b\u8a18\u30ea\u30f3\u30af\u3088\u308a\u3054\u78ba\u8a8d\u3044\u305f\u3060\u304d\u3001\u305c\u3072\u3054\u5fdc\u52df\u304f\u3060\u3055\u3044\u3002\u306a\u304a\u3001\u3054\u8a18\u5165\u3044\u305f\u3060\u3044\u305f\u500b\u4eba\u60c5\u5831\u306f\u3001\u63a1\u7528\u6d3b\u52d5\u306e\u76ee\u7684\u306b\u306e\u307f\u4f7f\u7528\u3055\u305b\u3066 [&hellip;]<\/p>\n","protected":false},"author":1,"featured_media":122,"parent":0,"menu_order":0,"comment_status":"closed","ping_status":"closed","template":"","meta":{"swell_btn_cv_data":"","footnotes":""},"class_list":["post-410","page","type-page","status-publish","has-post-thumbnail","hentry"],"_links":{"self":[{"href":"https:\/\/recruit.elrise.co.jp\/index.php?rest_route=\/wp\/v2\/pages\/410","targetHints":{"allow":["GET"]}}],"collection":[{"href":"https:\/\/recruit.elrise.co.jp\/index.php?rest_route=\/wp\/v2\/pages"}],"about":[{"href":"https:\/\/recruit.elrise.co.jp\/index.php?rest_route=\/wp\/v2\/types\/page"}],"author":[{"embeddable":true,"href":"https:\/\/recruit.elrise.co.jp\/index.php?rest_route=\/wp\/v2\/users\/1"}],"replies":[{"embeddable":true,"href":"https:\/\/recruit.elrise.co.jp\/index.php?rest_route=%2Fwp%2Fv2%2Fcomments&post=410"}],"version-history":[{"count":0,"href":"https:\/\/recruit.elrise.co.jp\/index.php?rest_route=\/wp\/v2\/pages\/410\/revisions"}],"wp:featuredmedia":[{"embeddable":true,"href":"https:\/\/recruit.elrise.co.jp\/index.php?rest_route=\/wp\/v2\/media\/122"}],"wp:attachment":[{"href":"https:\/\/recruit.elrise.co.jp\/index.php?rest_route=%2Fwp%2Fv2%2Fmedia&parent=410"}],"curies":[{"name":"wp","href":"https:\/\/api.w.org\/{rel}","templated":true}]}}